{"id":8677,"date":"2022-07-14T07:35:28","date_gmt":"2022-07-14T07:35:28","guid":{"rendered":"https:\/\/www.home-original.eu\/?post_type=product&#038;p=8677"},"modified":"2023-03-23T11:42:49","modified_gmt":"2023-03-23T11:42:49","slug":"tableau-clareo-azul","status":"publish","type":"product","link":"https:\/\/www.home-original.eu\/fr\/product\/tableau-clareo-azul\/","title":{"rendered":"Tableau Clareo Azul"},"content":{"rendered":"<p>Tableau originale peinte \u00e0 la main en acrylique sur toile, avec des textures l\u00e9g\u00e8res. Fond bleu gris\u00e2tre avec la partie sup\u00e9rieure dans le ton sable. Contient des feuilles d&rsquo;argent<\/p>\n<p>Peint \u00e0 la main dans notre atelier par des artistes d&rsquo;origine locale. Tableau et peintures acryliques de haute qualit\u00e9. Le tableau est en bois de pin about\u00e9 (sans pliage) avec un profil de 35&#215;30. Le bois provient de for\u00eats durables. La toile est une toile en coton polyester avec un appr\u00eat artisanal classique pour les beaux-arts, \u00e0 base de colle et de r\u00e9sines acryliques. La tableau est mont\u00e9e sur le ch\u00e2ssis de mani\u00e8re totalement artisanale, ce qui permet d&rsquo;obtenir une finition sans \u00e9tirement.<\/p>\n","protected":false},"excerpt":{"rendered":"<p>Tableau originale peinte \u00e0 la main en acrylique sur toile, avec des textures l\u00e9g\u00e8res. Fond bleu gris\u00e2tre avec la partie sup\u00e9rieure dans le ton sable. Contient des feuilles d&rsquo;argent<\/p>\n","protected":false},"featured_media":8692,"comment_status":"open","ping_status":"closed","template":"","meta":[],"product_brand":[],"product_cat":[840],"product_tag":[],"class_list":{"0":"post-8677","1":"product","2":"type-product","3":"status-publish","4":"has-post-thumbnail","6":"product_cat-tableaux-du-salon-fr","7":"pa_height-x-width-x-thickness-90-x-90","8":"pa_height-x-width-x-thickness-110-x-110","9":"pa_height-x-width-x-thickness-120-x-80","10":"pa_height-x-width-x-thickness-150-x-80","11":"pa_height-x-width-x-thickness-130-x-100","13":"first","14":"instock","15":"taxable","16":"shipping-taxable","17":"purchasable","18":"product-type-variable"},"acf":[],"_links":{"self":[{"href":"https:\/\/www.home-original.eu\/fr\/wp-json\/wp\/v2\/product\/8677","targetHints":{"allow":["GET"]}}],"collection":[{"href":"https:\/\/www.home-original.eu\/fr\/wp-json\/wp\/v2\/product"}],"about":[{"href":"https:\/\/www.home-original.eu\/fr\/wp-json\/wp\/v2\/types\/product"}],"replies":[{"embeddable":true,"href":"https:\/\/www.home-original.eu\/fr\/wp-json\/wp\/v2\/comments?post=8677"}],"wp:featuredmedia":[{"embeddable":true,"href":"https:\/\/www.home-original.eu\/fr\/wp-json\/wp\/v2\/media\/8692"}],"wp:attachment":[{"href":"https:\/\/www.home-original.eu\/fr\/wp-json\/wp\/v2\/media?parent=8677"}],"wp:term":[{"taxonomy":"product_brand","embeddable":true,"href":"https:\/\/www.home-original.eu\/fr\/wp-json\/wp\/v2\/product_brand?post=8677"},{"taxonomy":"product_cat","embeddable":true,"href":"https:\/\/www.home-original.eu\/fr\/wp-json\/wp\/v2\/product_cat?post=8677"},{"taxonomy":"product_tag","embeddable":true,"href":"https:\/\/www.home-original.eu\/fr\/wp-json\/wp\/v2\/product_tag?post=8677"}],"curies":[{"name":"wp","href":"https:\/\/api.w.org\/{rel}","templated":true}]}}