{"id":8716,"date":"2022-04-18T07:21:07","date_gmt":"2022-04-18T07:21:07","guid":{"rendered":"https:\/\/www.home-original.eu\/?post_type=product&#038;p=8716"},"modified":"2025-06-01T08:22:35","modified_gmt":"2025-06-01T08:22:35","slug":"tableau-via-ferrata","status":"publish","type":"product","link":"https:\/\/www.home-original.eu\/fr\/product\/tableau-via-ferrata\/","title":{"rendered":"Tableau V\u00eda Ferrata"},"content":{"rendered":"<p style=\"line-height: 19.6px; margin: 0px 0px 6px; color: #474747; font-family: Questrial, sans-serif; font-size: 14px; background-color: #ffffff;\">Tableau peint \u00e0 la main. Enti\u00e8rement fini et mont\u00e9, pr\u00eat \u00e0 \u00eatre accroch\u00e9 sur votre mur, avec des textures. Carreaux, verts, bleus et gris m\u00e9lang\u00e9s avec une touche de feuille d&rsquo;or. Travailler avec du caract\u00e8re.<\/p>\n","protected":false},"excerpt":{"rendered":"<p>Tableau peint \u00e0 la main. Enti\u00e8rement fini et mont\u00e9, pr\u00eat \u00e0 \u00eatre accroch\u00e9 sur votre mur, avec des textures. Carreaux, verts, bleus et gris m\u00e9lang\u00e9s avec une touche de feuille d&rsquo;or. Travailler avec du caract\u00e8re.<\/p>\n","protected":false},"featured_media":8728,"comment_status":"open","ping_status":"closed","template":"","meta":[],"product_brand":[],"product_cat":[840],"product_tag":[],"class_list":{"0":"post-8716","1":"product","2":"type-product","3":"status-publish","4":"has-post-thumbnail","6":"product_cat-tableaux-du-salon-fr","7":"pa_height-x-width-x-thickness-90-x-90","8":"pa_height-x-width-x-thickness-110-x-110","9":"pa_height-x-width-x-thickness-120-x-80","10":"pa_height-x-width-x-thickness-150-x-80","11":"pa_height-x-width-x-thickness-130-x-100","13":"first","14":"instock","15":"taxable","16":"shipping-taxable","17":"purchasable","18":"product-type-variable"},"acf":[],"_links":{"self":[{"href":"https:\/\/www.home-original.eu\/fr\/wp-json\/wp\/v2\/product\/8716","targetHints":{"allow":["GET"]}}],"collection":[{"href":"https:\/\/www.home-original.eu\/fr\/wp-json\/wp\/v2\/product"}],"about":[{"href":"https:\/\/www.home-original.eu\/fr\/wp-json\/wp\/v2\/types\/product"}],"replies":[{"embeddable":true,"href":"https:\/\/www.home-original.eu\/fr\/wp-json\/wp\/v2\/comments?post=8716"}],"wp:featuredmedia":[{"embeddable":true,"href":"https:\/\/www.home-original.eu\/fr\/wp-json\/wp\/v2\/media\/8728"}],"wp:attachment":[{"href":"https:\/\/www.home-original.eu\/fr\/wp-json\/wp\/v2\/media?parent=8716"}],"wp:term":[{"taxonomy":"product_brand","embeddable":true,"href":"https:\/\/www.home-original.eu\/fr\/wp-json\/wp\/v2\/product_brand?post=8716"},{"taxonomy":"product_cat","embeddable":true,"href":"https:\/\/www.home-original.eu\/fr\/wp-json\/wp\/v2\/product_cat?post=8716"},{"taxonomy":"product_tag","embeddable":true,"href":"https:\/\/www.home-original.eu\/fr\/wp-json\/wp\/v2\/product_tag?post=8716"}],"curies":[{"name":"wp","href":"https:\/\/api.w.org\/{rel}","templated":true}]}}