{"id":8907,"date":"2022-08-02T11:51:44","date_gmt":"2022-08-02T11:51:44","guid":{"rendered":"https:\/\/www.home-original.eu\/?post_type=product&#038;p=8907"},"modified":"2026-03-11T15:44:45","modified_gmt":"2026-03-11T15:44:45","slug":"tableau-escalones","status":"publish","type":"product","link":"https:\/\/www.home-original.eu\/fr\/product\/tableau-escalones\/","title":{"rendered":"Tableau Escalones"},"content":{"rendered":"<p>Tableau originale peinte \u00e0 la main sur toile par des artistes d&rsquo;art. Tableau et peintures de haute qualit\u00e9. Le fond est blanc cass\u00e9, les rayures transversales sont grises. Des couleurs pastel avec des personnages qui semblent bouger. Grande qualit\u00e9 artistique.<\/p>\n<p>Tableau en bois de pin about\u00e9 (pas de pliage) avec profil 35&#215;30. Le tableau provient de for\u00eats durables. La toile est une toile en coton polyester avec un appr\u00eat classique pour les beaux-arts, fait \u00e0 la main, \u00e0 base de colle et de r\u00e9sines acryliques. La toile est mont\u00e9e sur le ch\u00e2ssis de mani\u00e8re totalement artisanale, ce qui permet d&rsquo;obtenir une finition sans \u00e9tirement.<\/p>\n","protected":false},"excerpt":{"rendered":"<p>Tableau originale peinte \u00e0 la main sur toile par des artistes d&rsquo;art. Toiles et peintures de haute qualit\u00e9. Le fond est blanc cass\u00e9, les rayures transversales sont grises. Des couleurs pastel avec des personnages qui semblent bouger. Grande qualit\u00e9 artistique<\/p>\n","protected":false},"featured_media":8917,"comment_status":"open","ping_status":"closed","template":"","meta":[],"product_brand":[],"product_cat":[831,840,821],"product_tag":[],"class_list":{"0":"post-8907","1":"product","2":"type-product","3":"status-publish","4":"has-post-thumbnail","6":"product_cat-tableaux-beige-et-sable","7":"product_cat-tableaux-du-salon-fr","8":"product_cat-peinture-figurative","9":"pa_height-x-width-x-thickness-90-x-90","10":"pa_height-x-width-x-thickness-110-x-110","11":"pa_height-x-width-x-thickness-120-x-80","12":"pa_height-x-width-x-thickness-150-x-80","13":"pa_height-x-width-x-thickness-130-x-100","15":"first","16":"instock","17":"taxable","18":"shipping-taxable","19":"purchasable","20":"product-type-variable"},"acf":[],"_links":{"self":[{"href":"https:\/\/www.home-original.eu\/fr\/wp-json\/wp\/v2\/product\/8907","targetHints":{"allow":["GET"]}}],"collection":[{"href":"https:\/\/www.home-original.eu\/fr\/wp-json\/wp\/v2\/product"}],"about":[{"href":"https:\/\/www.home-original.eu\/fr\/wp-json\/wp\/v2\/types\/product"}],"replies":[{"embeddable":true,"href":"https:\/\/www.home-original.eu\/fr\/wp-json\/wp\/v2\/comments?post=8907"}],"wp:featuredmedia":[{"embeddable":true,"href":"https:\/\/www.home-original.eu\/fr\/wp-json\/wp\/v2\/media\/8917"}],"wp:attachment":[{"href":"https:\/\/www.home-original.eu\/fr\/wp-json\/wp\/v2\/media?parent=8907"}],"wp:term":[{"taxonomy":"product_brand","embeddable":true,"href":"https:\/\/www.home-original.eu\/fr\/wp-json\/wp\/v2\/product_brand?post=8907"},{"taxonomy":"product_cat","embeddable":true,"href":"https:\/\/www.home-original.eu\/fr\/wp-json\/wp\/v2\/product_cat?post=8907"},{"taxonomy":"product_tag","embeddable":true,"href":"https:\/\/www.home-original.eu\/fr\/wp-json\/wp\/v2\/product_tag?post=8907"}],"curies":[{"name":"wp","href":"https:\/\/api.w.org\/{rel}","templated":true}]}}